{"id":205,"date":"2016-02-05T07:18:00","date_gmt":"2016-02-05T07:18:00","guid":{"rendered":"http:\/\/javnenabavke.novipazar.rs\/?page_id=205"},"modified":"2026-05-12T07:10:42","modified_gmt":"2026-05-12T07:10:42","slug":"planovi-javnih-nabavki","status":"publish","type":"page","link":"https:\/\/javnenabavke.novipazar.rs\/sr\/lat\/planovi-javnih-nabavki\/","title":{"rendered":"Planovi javnih nabavki"},"content":{"rendered":"<p><b><span style=\"color: #00578c;\">GRAD NOVI PAZAR<\/span><\/b><\/p>\n<p><strong>PRAVILNIK O BLI\u017dEM URE\u0110ENJU POSTUPKA PLANIRANJA I SPROVO\u0110ENJA NABAVKI\u00a0<\/strong>| preuzmi<\/p>\n<p><strong>JAVNE NABAVKE ZA 2026. GODINU<\/strong><\/p>\n<ul>\n<li>Plan javnih nabavki za Grad Novi Pazar | <a href=\"https:\/\/javnenabavke.novipazar.rs\/wp-content\/uploads\/planovi\/2026\/III - Izmenjena verzija plana nabavki za 2026.godinu.xlsx\" target=\"_blank\" rel=\"noopener\" data-wplink-url-error=\"true\">preuzmi<\/a><\/li>\n<li>Plan javnih nabavki na koje se Zakon ne primenjuje | <a href=\"https:\/\/javnenabavke.novipazar.rs\/wp-content\/uploads\/planovi\/2026\/V izmena Plana nabavki na koje se Zakon ne primenjuje za 2026 godinu.xlsx\" target=\"_blank\" rel=\"noopener\" data-wplink-url-error=\"true\">preuzmi<\/a><\/li>\n<\/ul>\n<p><strong>JAVNE NABAVKE ZA 2025. GODINU<\/strong><\/p>\n<ul>\n<li>Plan javnih nabavki za Grad Novi Pazar | <a href=\"https:\/\/javnenabavke.novipazar.rs\/wp-content\/uploads\/planovi\/2025\/XV - Izmenjena verzija plana nabavki.xlsx\" target=\"_blank\" rel=\"noopener\" data-wplink-url-error=\"true\">preuzmi<\/a><\/li>\n<li>Plan javnih nabavki na koje se Zakon ne primenjuje | <a href=\"https:\/\/javnenabavke.novipazar.rs\/wp-content\/uploads\/planovi\/2025\/XIX izmena - Plana nabavki na koje se Zakon ne primenjuje za 2025 godinu.xlsx\" target=\"_blank\" rel=\"noopener\" data-wplink-url-error=\"true\">preuzmi<\/a><\/li>\n<\/ul>\n<p><strong>JAVNE NABAVKE ZA 2024. GODINU<\/strong><\/p>\n<ul>\n<li>Plan javnih nabavki za Grad Novi Pazar | <a href=\"https:\/\/javnenabavke.novipazar.rs\/wp-content\/uploads\/planovi\/2024\/XV - Izmenjena verzija plana nabavki 2024.xlsx\" target=\"_blank\" rel=\"noopener\" data-wplink-url-error=\"true\">preuzmi<\/a><\/li>\n<li>Plan javnih nabavki na koje se Zakon ne primenjuje | <a href=\"https:\/\/javnenabavke.novipazar.rs\/wp-content\/uploads\/planovi\/2024\/XIII izmena Plana nabavki na koje se Zakon ne primenjuje.xlsx\" target=\"_blank\" rel=\"noopener\" data-wplink-url-error=\"true\">preuzmi<\/a><\/li>\n<\/ul>\n<p><strong>JAVNE NABAVKE ZA 2023. GODINU<\/strong><\/p>\n<ul>\n<li>Plan javnih nabavki za Grad Novi Pazar | <a href=\"https:\/\/javnenabavke.novipazar.rs\/wp-content\/uploads\/planovi\/2023\/XVIII - Izmenjena verzija plana javnih nabavki.xlsx\" target=\"_blank\" rel=\"noopener\" data-wplink-url-error=\"true\">preuzmi<\/a><\/li>\n<li>Plan javnih nabavki na koje se Zakon ne primenjuje | <a href=\"\/wp-content\/uploads\/planovi\/2023\/XIV izmena na koje se Zakon ne primenjuje.xlsx\" target=\"_blank\" rel=\"noopener\">preuzmi<\/a><\/li>\n<\/ul>\n<p><strong>JAVNE NABAVKE ZA 2022. GODINU<\/strong><\/p>\n<ul>\n<li>Plan javnih nabavki za Grad Novi Pazar | <a href=\"\/wp-content\/uploads\/planovi\/2022\/XXII - Izmenjena verzija plana javnih nabavki.xlsx\" target=\"_blank\" rel=\"noopener\">preuzmi<\/a><\/li>\n<li>Plan javnih nabavki na koje se Zakon ne primenjuje | <a href=\"\/wp-content\/uploads\/planovi\/2022\/XIV - Izmena Plana nabavki na koje se Zakon ne primenjuje za 2022.xlsx\" target=\"_blank\" rel=\"noopener\">preuzmi<\/a><\/li>\n<\/ul>\n<p><strong>JAVNE NABAVKE ZA 2021. GODINU<\/strong><\/p>\n<ul>\n<li>Plan javnih nabavki za Grad Novi Pazar | <a href=\"\/wp-content\/uploads\/planovi\/2021\/XVIII - Izmenjena verzija plana javnih nabavki.xlsx\" target=\"_blank\" rel=\"noopener\">preuzmi<\/a><\/li>\n<li>Plan javnih nabavki na koje se Zakon ne primenjuje | <a href=\"\/wp-content\/uploads\/planovi\/2021\/XV-Izmena-Plana-nabavki-na-koje-se-Zakon-ne-primenjuje.xlsx\" target=\"_blank\" rel=\"noopener\">preuzmi<\/a><\/li>\n<\/ul>\n<p><strong>JAVNE NABAVKE ZA 2020. GODINU<\/strong><\/p>\n<ul>\n<li>Plan javnih nabavki za Grad Novi Pazar | <a href=\"\/wp-content\/uploads\/planovi\/2020\/PLAN2020GOUPR07192061GRADNP19062020-4.pdf\" target=\"_blank\" rel=\"noopener\">preuzmi<\/a><\/li>\n<\/ul>\n<p><strong>JAVNE NABAVKE ZA 2019. GODINU<\/strong><\/p>\n<ul>\n<li>Plan javnih nabavki za Grad Novi Pazar | <a href=\"\/wp-content\/uploads\/planovi\/2019\/PLAN2019GOUPR07192061GRADNP10122019-4.pdf\" target=\"_blank\" rel=\"noopener\">preuzmi<\/a><\/li>\n<\/ul>\n<p><strong>JAVNE NABAVKE ZA 2018. GODINU<\/strong><\/p>\n<ul>\n<li>Plan javnih nabavki za Grad Novi Pazar | <a href=\"\/wp-content\/uploads\/planovi\/2018\/Plan_nabavki_GNP_za_2018.pdf\" target=\"_blank\" rel=\"noopener\">preuzmi<\/a><\/li>\n<\/ul>\n<p><strong>JAVNE NABAVKE ZA 2017. GODINU<\/strong><\/p>\n<ul>\n<li>Plan javnih nabavki za Grad Novi Pazar | <a href=\"\/wp-content\/uploads\/planovi\/2017\/Plan_nabavki_GNP_za_2017.pdf\" target=\"_blank\" rel=\"noopener\">preuzmi<\/a><\/li>\n<li>Plan javnih nabavki za Gradsku upravu za naplatu javnih prihoda | <a href=\"\/wp-content\/uploads\/planovi\/2017\/Plan_nabavki_GUNJP_za_2017.pdf\" target=\"_blank\" rel=\"noopener\">preuzmi<\/a><\/li>\n<\/ul>\n<p><strong>JAVNE NABAVKE ZA 2016. GODINU<\/strong><\/p>\n<ul>\n<li>Pravilnik o bli\u017eem ure\u0111ivanju postupaka javnih nabavki u organima grada Novog Pazara za 2016. godinu | <a href=\"\/wp-content\/uploads\/planovi\/2016\/Pravilnik_GUIPP_2016.pdf\" target=\"_blank\" rel=\"noopener\">preuzmi<\/a><\/li>\n<li>Plan javnih nabavki za Grad Novi Pazar | <a href=\"\/wp-content\/uploads\/planovi\/2016\/Plan_nabavki_GNP_za_2016.pdf\" target=\"_blank\" rel=\"noopener\">preuzmi<\/a><\/li>\n<li>Plan javnih nabavki za Gradsku upravu za izvorne i poverene poslove | <a href=\"\/wp-content\/uploads\/planovi\/2016\/Plan_nabavki_GUIPP_za_2016.pdf\" target=\"_blank\" rel=\"noopener\">preuzmi<\/a><\/li>\n<li>Plan javnih nabavki za Gradsku upravu za naplatu javnih prihoda | <a href=\"\/wp-content\/uploads\/planovi\/2016\/Plan_nabavki_GUNJP_za_2016.pdf\" target=\"_blank\" rel=\"noopener\">preuzmi<\/a><\/li>\n<\/ul>\n<p><strong>JAVNE NABAVKE ZA 2015. GODINU<\/strong><\/p>\n<ul>\n<li>Plan javnih nabavki za Grad Novi Pazar | <a class=\"obrasci\" href=\"\/wp-content\/uploads\/planovi\/2015\/Plan_nabavki_GNP_za_2015.pdf\" target=\"_blank\" rel=\"noopener\">preuzmi<\/a><\/li>\n<li>Plan javnih nabavki za Gradsku upravu za izvorne i poverene poslove | <a class=\"obrasci\" href=\"\/wp-content\/uploads\/planovi\/2015\/Plan_nabavki_GUIPP_za_2015.pdf\" target=\"_blank\" rel=\"noopener\">preuzmi<\/a><\/li>\n<li>Plan javnih nabavki za Gradsku upravu za naplatu javnih prighoda | <a class=\"obrasci\" href=\"\/wp-content\/uploads\/planovi\/2015\/Plan_nabavki_GUNJP_za_2015.pdf\" target=\"_blank\" rel=\"noopener\">preuzmi<\/a><\/li>\n<\/ul>\n<p><b>JAVNE NABAVKE ZA 2014. GODINU<\/b><\/p>\n<ul>\n<li>Plan javnih nabavki za Grad Novi Pazar | <a class=\"obrasci\" href=\"\/wp-content\/uploads\/planovi\/2014\/Plan_nabavki_GNP_za_2014.pdf\" target=\"_blank\" rel=\"noopener\">preuzmi<\/a><\/li>\n<li>Plan javnih nabavki za Skup\u0161tinu grada | <a class=\"obrasci\" href=\"\/wp-content\/uploads\/planovi\/2014\/Plan_nabavki_SKUPSTINA_za_2014.pdf\" target=\"_blank\" rel=\"noopener\">preuzmi<\/a><\/li>\n<li>Plan javnih nabavki za Gradona\u010delnika | <a class=\"obrasci\" href=\"\/wp-content\/uploads\/planovi\/2014\/Plan_nabavki_GRADONACELNIK_za_2014.pdf\" target=\"_blank\" rel=\"noopener\">preuzmi<\/a><\/li>\n<li>Plan javnih nabavki za Gradsko ve\u0107e | <a class=\"obrasci\" href=\"\/wp-content\/uploads\/planovi\/2014\/Plan_nabavki_GRADSKO_VECE_za_2014.pdf\" target=\"_blank\" rel=\"noopener\">preuzmi<\/a><\/li>\n<li>Plan javnih nabavki za Gradsku upravu za izvorne i poverene poslove | <a class=\"obrasci\" href=\"\/wp-content\/uploads\/planovi\/2014\/Plan_nabavki_GUIPP_za_2014.pdf\" target=\"_blank\" rel=\"noopener\">preuzmi<\/a><\/li>\n<li>Plan javnih nabavki za Gradsko javno pravobranila\u0161tvo | <a class=\"obrasci\" href=\"\/wp-content\/uploads\/planovi\/2014\/Plan_nabavki_GJP_za_2014.pdf\" target=\"_blank\" rel=\"noopener\">preuzmi<\/a><\/li>\n<\/ul>\n<p><b>JAVNE NABAVKE ZA 2013. GODINU <\/b><\/p>\n<ul>\n<li>Specifikacija javnih nabavki \u2013 Otvoreni postupak | <a class=\"obrasci\" href=\"\/wp-content\/uploads\/planovi\/2013\/Specifikacija_javnih_nabavki_OTVORENI_POSTUPAK_za_2013.pdf\" target=\"_blank\" rel=\"noopener\">preuzmi<\/a><\/li>\n<li>Specifikacija javnih nabavki \u2013 Zaklju\u010deni ugovori | <a class=\"obrasci\" href=\"\/wp-content\/uploads\/planovi\/2013\/Specifikacija_javnih_nabavki_ZAKLJUCENI_UGOVORI_za_2013.pdf\" target=\"_blank\" rel=\"noopener\">preuzmi<\/a><\/li>\n<li>Izve\u0161taj o radu | <a class=\"obrasci\" href=\"\/wp-content\/uploads\/planovi\/2013\/Izvestaj_o_radu_za_2013.pdf\" target=\"_blank\" rel=\"noopener\">preuzmi<\/a><\/li>\n<\/ul>\n","protected":false},"excerpt":{"rendered":"<p>GRAD NOVI PAZAR PRAVILNIK O BLI\u017dEM URE\u0110ENJU POSTUPKA PLANIRANJA I SPROVO\u0110ENJA NABAVKI\u00a0| preuzmi JAVNE NABAVKE ZA 2026. GODINU Plan javnih nabavki za Grad Novi Pazar | preuzmi Plan javnih nabavki na koje se Zakon ne primenjuje | preuzmi JAVNE NABAVKE ZA 2025. GODINU Plan javnih nabavki za Grad Novi Pazar | preuzmi Plan javnih nabavki [&hellip;]<\/p>\n","protected":false},"author":1,"featured_media":0,"parent":0,"menu_order":0,"comment_status":"closed","ping_status":"closed","template":"","meta":{"footnotes":"","_links_to":"","_links_to_target":""},"translation":{"provider":"WPGlobus","version":"2.12.2","language":"sr","enabled_languages":["rs","sr"],"languages":{"rs":{"title":true,"content":true,"excerpt":false},"sr":{"title":false,"content":false,"excerpt":false}}},"_links":{"self":[{"href":"https:\/\/javnenabavke.novipazar.rs\/sr\/wp-json\/wp\/v2\/pages\/205"}],"collection":[{"href":"https:\/\/javnenabavke.novipazar.rs\/sr\/wp-json\/wp\/v2\/pages"}],"about":[{"href":"https:\/\/javnenabavke.novipazar.rs\/sr\/wp-json\/wp\/v2\/types\/page"}],"author":[{"embeddable":true,"href":"https:\/\/javnenabavke.novipazar.rs\/sr\/wp-json\/wp\/v2\/users\/1"}],"replies":[{"embeddable":true,"href":"https:\/\/javnenabavke.novipazar.rs\/sr\/wp-json\/wp\/v2\/comments?post=205"}],"version-history":[{"count":203,"href":"https:\/\/javnenabavke.novipazar.rs\/sr\/wp-json\/wp\/v2\/pages\/205\/revisions"}],"predecessor-version":[{"id":1153,"href":"https:\/\/javnenabavke.novipazar.rs\/sr\/wp-json\/wp\/v2\/pages\/205\/revisions\/1153"}],"wp:attachment":[{"href":"https:\/\/javnenabavke.novipazar.rs\/sr\/wp-json\/wp\/v2\/media?parent=205"}],"curies":[{"name":"wp","href":"https:\/\/api.w.org\/{rel}","templated":true}]}}